{"id":7049,"date":"2018-07-07T10:13:29","date_gmt":"2018-07-07T10:13:29","guid":{"rendered":"https:\/\/www.imevasrl.it\/chi-siamo\/"},"modified":"2023-01-30T09:53:13","modified_gmt":"2023-01-30T08:53:13","slug":"about-us","status":"publish","type":"page","link":"https:\/\/www.imevasrl.it\/en\/about-us\/","title":{"rendered":"About us"},"content":{"rendered":"<p>[vc_row lg_spacing=&#8221;margin_top:100&#8243;][vc_column][tm_heading custom_google_font=&#8221;&#8221; align=&#8221;center&#8221; text=&#8221;IMEVA&#8217;s team since 1978&#8243; font_size=&#8221;sm:24;md:30;lg:36&#8243;][tm_spacer size=&#8221;lg:50&#8243;][tm_timeline skin=&#8221;light&#8221; items=&#8221;%5B%7B%22title%22%3A%221978%2C%20the%20birth%3A%20%22%2C%22text%22%3A%22Gianni%20Campioli%20founds%20IMEVA%22%7D%2C%7B%22title%22%3A%221980%2C%20the%20confluence%3A%20%22%2C%22text%22%3A%22Eng.%20Armaroli%20trips%20over%20Gianni&#8217;s%20wrench%20on%20the%20construction%20site%2C%20a%20whimsical%20and%20visionary%20plumber.%20%20With%20this%20working%20marriage%20IMEVA%20begins%20the%20trade%20of%20products%22%7D%2C%7B%22title%22%3A%221990%2C%20expansion%3A%20%22%2C%22text%22%3A%22the%20two%20partners%20are%20definitely%20oriented%20towards%20the%20sale%20of%20industrial%20components%20with%20the%20help%20of%20Tiziana%20and%20Gianni&#8217;s%20son%2C%20Paolo%2C%20joining%20in%20the%20company%22%7D%2C%7B%22title%22%3A%222000%2C%20the%20change%20of%20pace%3A%22%2C%22text%22%3A%22Massimo%2C%20the%20new%20partner%2C%20and%20Manuel%2C%20Eng.%20Armaroli&#8217;s%20son%2C%20join%20IMEVA%2C%20fascinated%20by%20new%20challenges.%20Not%20only%20that%3A%20%20the%20team%20is%20expanded%20and%20strengthened%20by%20Davide%2C%20Luca%20and%20Marcello%22%7D%2C%7B%22title%22%3A%222010%2C%20the%20relay%3A%20%22%2C%22text%22%3A%22the%20founding%20members%20can%20finally%20enjoy%20their%20well-deserved%20retirement%20after%20years%20of%20sacrifice.%20Paolo%2C%20Massimo%20and%20Manuel%20decide%20that%20this%20is%20the%20time%20to%20invest%20in%20the%20group%3A%20%20Giuliana%2C%20Andrea%2C%20Fabio%2C%20Sara%2C%20Luca%20M.%2C%20Gabriele%20F.%2C%20Gabriele%20C.%2C%20Matteo%20and%20Giovanni%20are%20the%20new%20IMEVA%E2%80%99s%20faces%22%7D%2C%7B%22title%22%3A%222020%2C%20Future%20prospects%3A%20%22%2C%22text%22%3A%22our%20brigade%20has%20doubled%20and%2C%20to%20a%20group%20of%20already%2016%20people%2C%20we%20add%20Matteo%20T.%20and%20Alessandro.%20IMEVA%E2%80%99s%20team%20does%20not%20stop%20dreaming!%22%7D%2C%7B%22image%22%3A%228986%22%2C%22title%22%3A%222023%2C%2045%C2%B0%20Anniversary%3A%22%7D%5D&#8221;][\/vc_column][\/vc_row][vc_row full_width=&#8221;stretch_row_content_no_spaces&#8221; content_placement=&#8221;middle&#8221; background_color=&#8221;custom&#8221; lg_spacing=&#8221;padding_right:0;padding_left:0&#8243; custom_background_color=&#8221;#fdfdfd&#8221;][vc_column offset=&#8221;vc_col-md-5 vc_hidden-xs&#8221;][tm_spacer size=&#8221;lg:25&#8243;][tm_image sm_align=&#8221;left&#8221; image=&#8221;4921&#8243; md_spacing=&#8221;margin_left:0&#8243;][\/vc_column][vc_column offset=&#8221;vc_col-md-6 vc_hidden-xs&#8221; lg_spacing=&#8221;padding_right:100&#8243;][tm_heading tag=&#8221;h5&#8243; custom_google_font=&#8221;&#8221; text_transform=&#8221;uppercase&#8221; text_color=&#8221;custom&#8221; custom_text_color=&#8221;#034386&#8243; text=&#8221;Our mission&#8221; font_size=&#8221;lg:18&#8243; line_height=&#8221;1.38&#8243;][tm_spacer size=&#8221;lg:30&#8243;][tm_heading custom_google_font=&#8221;&#8221; text=&#8221;The company alongside the customer&#8221; font_size=&#8221;sm:24;md:30;lg:36&#8243;][tm_spacer size=&#8221;lg:80&#8243;][tm_heading tag=&#8221;div&#8221; custom_google_font=&#8221;&#8221; text=&#8221;IMEVA stands alongside customers to analyse needs and develop the most suitable solutions with high technological content and based on the type of application.<br \/>\nThis results in the ability to best advise the customer, thanks to experience and continuous application on PARTNERS\u2019 products and companies.&#8221; font_size=&#8221;lg:17&#8243; line_height=&#8221;1.84&#8243;][tm_spacer size=&#8221;sm:20;lg:50&#8243;][tm_heading tag=&#8221;div&#8221; custom_google_font=&#8221;&#8221; text=&#8221;IMEVA, makes use of a structure composed of specialized, experienced and competent people always available for any particular need.<br \/>\nTeam spirit, integration of skills and teamwork are our goals.&#8221; font_size=&#8221;lg:17&#8243; line_height=&#8221;1.84&#8243;][\/vc_column][\/vc_row][vc_row lg_spacing=&#8221;padding_top:30&#8243;][vc_column width=&#8221;1\/6&#8243;][\/vc_column][vc_column width=&#8221;2\/3&#8243; offset=&#8221;vc_hidden-lg vc_hidden-md vc_hidden-sm&#8221;][tm_spacer size=&#8221;lg:25&#8243;][tm_image sm_align=&#8221;left&#8221; image=&#8221;4921&#8243; md_spacing=&#8221;margin_left:0&#8243;][tm_heading tag=&#8221;h5&#8243; custom_google_font=&#8221;&#8221; text_transform=&#8221;uppercase&#8221; text_color=&#8221;custom&#8221; custom_text_color=&#8221;#034386&#8243; text=&#8221;La nostra Mission&#8221; font_size=&#8221;lg:18&#8243; line_height=&#8221;1.38&#8243;][tm_spacer size=&#8221;lg:30&#8243;][tm_heading custom_google_font=&#8221;&#8221; text=&#8221;L&#8217;azienda al fianco del Cliente&#8221; font_size=&#8221;sm:24;md:30;lg:36&#8243;][tm_spacer size=&#8221;lg:80&#8243;][tm_heading tag=&#8221;div&#8221; custom_google_font=&#8221;&#8221; text=&#8221;IMEVA, si pone al fianco della clientela per analizzare le necessit\u00e0 e sviluppare le soluzioni pi\u00f9 indicate con elevato contenuto tecnologico e in base alla tipologia di applicazione.<br \/>\nQuesto si traduce nella capacit\u00e0 di saper consigliare al meglio il cliente, grazie all\u2019esperienza e alla continua applicazione sui prodotti e sulle societ\u00e0 PARTNERS.&#8221; font_size=&#8221;lg:17&#8243; line_height=&#8221;1.84&#8243;][tm_spacer size=&#8221;sm:20;lg:50&#8243;][tm_heading tag=&#8221;div&#8221; custom_google_font=&#8221;&#8221; text=&#8221;IMEVA, si avvale di una struttura composta da persone specializzate, esperte e competenti sempre a disposizione per ogni particolare esigenza.<br \/>\nLo spirito di squadra, l\u2019integrazione delle competenze e il lavoro di Team sono i nostri obiettivi.&#8221; font_size=&#8221;lg:17&#8243; line_height=&#8221;1.84&#8243;][\/vc_column][vc_column width=&#8221;1\/6&#8243;][\/vc_column][\/vc_row][vc_row][vc_column][tm_spacer size=&#8221;sm:50;lg:50&#8243;][tm_heading style=&#8221;modern-02&#8243; custom_google_font=&#8221;&#8221; align=&#8221;center&#8221; text_color=&#8221;custom&#8221; custom_text_color=&#8221;#034386&#8243; text=&#8221;SECTORS OF APPLICATION&#8221;][tm_spacer size=&#8221;lg:34&#8243;][tm_heading custom_google_font=&#8221;&#8221; align=&#8221;center&#8221; text=&#8221;Our industrial sectors&#8221; font_size=&#8221;sm:24;md:30;lg:36&#8243; line_height=&#8221;1.41&#8243;][tm_spacer size=&#8221;lg:72&#8243;][\/vc_column][\/vc_row][vc_row][vc_column offset=&#8221;vc_hidden-xs&#8221;][tm_slider nav=&#8221;01&#8243; gutter=&#8221;30&#8243; items_display=&#8221;xs:1;sm:1;md:3;lg:3&#8243; items=&#8221;%5B%7B%22image%22%3A%224860%22%2C%22title%22%3A%22Industrial%20equipment%22%2C%22text%22%3A%22Steam%2C%20water%2C%20heat%20transfer%20fluids%20and%20other%20fluids%22%2C%22link%22%3A%22Link%22%7D%2C%7B%22image%22%3A%224862%22%2C%22title%22%3A%22Food%20%26%20Pharma%22%2C%22text%22%3A%22Food%20and%20pharmaceutical%20industry%22%2C%22link%22%3A%22Link%22%7D%2C%7B%22image%22%3A%224865%22%2C%22title%22%3A%22HVAC%20%26%20Thermotechnology%22%2C%22text%22%3A%22To%20ensure%20air%20quality%22%2C%22link%22%3A%22Link%22%7D%2C%7B%22image%22%3A%224867%22%2C%22title%22%3A%22Chemical%20and%20Oil%20%26%20Gas%22%2C%22text%22%3A%22To%20transform%20raw%20materials%2C%20in%20total%20safety%22%2C%22link%22%3A%22Link%22%7D%2C%7B%22image%22%3A%224869%22%2C%22title%22%3A%22Energy%20production%22%2C%22text%22%3A%22To%20always%20keep%20up%20with%20innovation%22%2C%22link%22%3A%22Link%22%7D%2C%7B%22image%22%3A%224870%22%2C%22title%22%3A%22Hospital%22%2C%22text%22%3A%22The%20excellence%20of%20our%20doctors%2C%20the%20best%20for%20your%20health%22%2C%22link%22%3A%22Link%22%7D%5D&#8221;][tm_spacer size=&#8221;sm:100;lg:150&#8243;][\/vc_column][\/vc_row][vc_row][vc_column width=&#8221;1\/3&#8243; offset=&#8221;vc_hidden-lg vc_hidden-md vc_hidden-sm&#8221;][tm_image align=&#8221;center&#8221; md_align=&#8221;center&#8221; sm_align=&#8221;center&#8221; xs_align=&#8221;center&#8221; image=&#8221;4860&#8243;][tm_spacer size=&#8221;xs:15;lg:10&#8243;][vc_column_text]<\/p>\n<p style=\"text-align: center;\"><strong>Impiantistica Industriale<\/strong><br \/>\nVapore, acqua, fluidi diatermici e altri fluidi[\/vc_column_text][tm_spacer size=&#8221;xs:30;lg:10&#8243;][\/vc_column][vc_column width=&#8221;1\/3&#8243; offset=&#8221;vc_hidden-lg vc_hidden-md vc_hidden-sm&#8221;][tm_image align=&#8221;center&#8221; md_align=&#8221;center&#8221; sm_align=&#8221;center&#8221; xs_align=&#8221;center&#8221; image=&#8221;4862&#8243;][tm_spacer size=&#8221;xs:15;lg:10&#8243;][vc_column_text]<\/p>\n<p style=\"text-align: center;\"><strong>Food &amp; Pharma<\/strong><br \/>\nAlimentari e industria farmaceutica[\/vc_column_text][tm_spacer size=&#8221;xs:30;lg:10&#8243;][\/vc_column][vc_column width=&#8221;1\/3&#8243; offset=&#8221;vc_hidden-lg vc_hidden-md vc_hidden-sm&#8221;][tm_image align=&#8221;center&#8221; md_align=&#8221;center&#8221; sm_align=&#8221;center&#8221; xs_align=&#8221;center&#8221; image=&#8221;4865&#8243;][tm_spacer size=&#8221;xs:15;lg:10&#8243;][vc_column_text]<\/p>\n<p style=\"text-align: center;\"><strong> HVAC &amp; Termotecnica<\/strong><br \/>\nPer garantire la qualit\u00e0 dell&#8217;aria[\/vc_column_text][tm_spacer size=&#8221;xs:30;lg:10&#8243;][\/vc_column][\/vc_row][vc_row][vc_column width=&#8221;1\/3&#8243; offset=&#8221;vc_hidden-lg vc_hidden-md vc_hidden-sm&#8221;][tm_image align=&#8221;center&#8221; md_align=&#8221;center&#8221; sm_align=&#8221;center&#8221; xs_align=&#8221;center&#8221; image=&#8221;4867&#8243;][tm_spacer size=&#8221;xs:15;lg:10&#8243;][vc_column_text]<\/p>\n<p style=\"text-align: center;\"><strong>Chimico e Oil &amp; Gas<\/strong><br \/>\nPer trasformare le materie prime, in totale sicurezza[\/vc_column_text][tm_spacer size=&#8221;xs:30;lg:10&#8243;][\/vc_column][vc_column width=&#8221;1\/3&#8243; offset=&#8221;vc_hidden-lg vc_hidden-md vc_hidden-sm&#8221;][tm_image align=&#8221;center&#8221; md_align=&#8221;center&#8221; sm_align=&#8221;center&#8221; xs_align=&#8221;center&#8221; image=&#8221;4869&#8243;][tm_spacer size=&#8221;xs:15;lg:10&#8243;][vc_column_text]<\/p>\n<p style=\"text-align: center;\"><strong>Produzione di energia<\/strong><br \/>\nPer essere sempre al passo con l&#8217;innovazione[\/vc_column_text][tm_spacer size=&#8221;xs:30;lg:10&#8243;][\/vc_column][vc_column width=&#8221;1\/3&#8243; offset=&#8221;vc_hidden-lg vc_hidden-md vc_hidden-sm&#8221;][tm_image align=&#8221;center&#8221; md_align=&#8221;center&#8221; sm_align=&#8221;center&#8221; xs_align=&#8221;center&#8221; image=&#8221;4870&#8243;][tm_spacer size=&#8221;xs:15;lg:10&#8243;][vc_column_text]<\/p>\n<p style=\"text-align: center;\"><strong>Ospedaliero<\/strong><br \/>\nL&#8217;eccellenza dei nostri medici, il meglio per la vostra salute[\/vc_column_text][\/vc_column][\/vc_row]<\/p>\n","protected":false},"excerpt":{"rendered":"<p>[vc_row lg_spacing=&#8221;margin_top:100&#8243;][vc_column][tm_heading custom_google_font=&#8221;&#8221; align=&#8221;center&#8221; text=&#8221;IMEVA&#8217;s team since 1978&#8243; font_size=&#8221;sm:24;md:30;lg:36&#8243;][tm_spacer size=&#8221;lg:50&#8243;][tm_timeline skin=&#8221;light&#8221; items=&#8221;%5B%7B%22title%22%3A%221978%2C%20the%20birth%3A%20%22%2C%22text%22%3A%22Gianni%20Campioli%20founds%20IMEVA%22%7D%2C%7B%22title%22%3A%221980%2C%20the%20confluence%3A%20%22%2C%22text%22%3A%22Eng.%20Armaroli%20trips%20over%20Gianni&#8217;s%20wrench%20on%20the%20construction%20site%2C%20a%20whimsical%20and%20visionary%20plumber.%20%20With%20this%20working%20marriage%20IMEVA%20begins%20the%20trade%20of%20products%22%7D%2C%7B%22title%22%3A%221990%2C%20expansion%3A%20%22%2C%22text%22%3A%22the%20two%20partners%20are%20definitely%20oriented%20towards%20the%20sale%20of%20industrial%20components%20with%20the%20help%20of%20Tiziana%20and%20Gianni&#8217;s%20son%2C%20Paolo%2C%20joining%20in%20the%20company%22%7D%2C%7B%22title%22%3A%222000%2C%20the%20change%20of%20pace%3A%22%2C%22text%22%3A%22Massimo%2C%20the%20new%20partner%2C%20and%20Manuel%2C%20Eng.%20Armaroli&#8217;s%20son%2C%20join%20IMEVA%2C%20fascinated%20by%20new%20challenges.%20Not%20only%20that%3A%20%20the%20team%20is%20expanded%20and%20strengthened%20by%20Davide%2C%20Luca%20and%20Marcello%22%7D%2C%7B%22title%22%3A%222010%2C%20the%20relay%3A%20%22%2C%22text%22%3A%22the%20founding%20members%20can%20finally%20enjoy%20their%20well-deserved%20retirement%20after%20years%20of%20sacrifice.%20Paolo%2C%20Massimo%20and%20Manuel%20decide%20that%20this%20is%20the%20time%20to%20invest%20in%20the%20group%3A%20%20Giuliana%2C%20Andrea%2C%20Fabio%2C%20Sara%2C%20Luca%20M.%2C%20Gabriele%20F.%2C%20Gabriele%20C.%2C%20Matteo%20and%20Giovanni%20are%20the%20new%20IMEVA%E2%80%99s%20faces%22%7D%2C%7B%22title%22%3A%222020%2C%20Future%20prospects%3A%20%22%2C%22text%22%3A%22our%20brigade%20has%20doubled%20and%2C%20to%20a%20group%20of%20already%2016%20people%2C%20we%20add%20Matteo%20T.%20and%20Alessandro.%20IMEVA%E2%80%99s%20team%20does%20not%20stop%20dreaming!%22%7D%2C%7B%22image%22%3A%228986%22%2C%22title%22%3A%222023%2C%2045%C2%B0%20Anniversary%3A%22%7D%5D&#8221;][\/vc_column][\/vc_row][vc_row full_width=&#8221;stretch_row_content_no_spaces&#8221; content_placement=&#8221;middle&#8221; background_color=&#8221;custom&#8221; lg_spacing=&#8221;padding_right:0;padding_left:0&#8243; custom_background_color=&#8221;#fdfdfd&#8221;][vc_column offset=&#8221;vc_col-md-5 vc_hidden-xs&#8221;][tm_spacer size=&#8221;lg:25&#8243;][tm_image sm_align=&#8221;left&#8221; image=&#8221;4921&#8243; md_spacing=&#8221;margin_left:0&#8243;][\/vc_column][vc_column offset=&#8221;vc_col-md-6 vc_hidden-xs&#8221; lg_spacing=&#8221;padding_right:100&#8243;][tm_heading tag=&#8221;h5&#8243; custom_google_font=&#8221;&#8221; text_transform=&#8221;uppercase&#8221; text_color=&#8221;custom&#8221; custom_text_color=&#8221;#034386&#8243; text=&#8221;Our mission&#8221; font_size=&#8221;lg:18&#8243; line_height=&#8221;1.38&#8243;][tm_spacer size=&#8221;lg:30&#8243;][tm_heading custom_google_font=&#8221;&#8221; text=&#8221;The company alongside the customer&#8221; font_size=&#8221;sm:24;md:30;lg:36&#8243;][tm_spacer size=&#8221;lg:80&#8243;][tm_heading tag=&#8221;div&#8221; custom_google_font=&#8221;&#8221; text=&#8221;IMEVA stands alongside customers to analyse needs and develop the most suitable solutions with high technological content and based on the type of application. This results in the ability to best advise the customer, thanks to experience and continuous application on PARTNERS\u2019 products and companies.&#8221; font_size=&#8221;lg:17&#8243; line_height=&#8221;1.84&#8243;][tm_spacer size=&#8221;sm:20;lg:50&#8243;][tm_heading tag=&#8221;div&#8221; custom_google_font=&#8221;&#8221; text=&#8221;IMEVA, makes use of a structure composed of specialized, experienced and competent people always available for any particular need. Team spirit, integration of skills and teamwork are our goals.&#8221; font_size=&#8221;lg:17&#8243; line_height=&#8221;1.84&#8243;][\/vc_column][\/vc_row][vc_row lg_spacing=&#8221;padding_top:30&#8243;][vc_column width=&#8221;1\/6&#8243;][\/vc_column][vc_column width=&#8221;2\/3&#8243; offset=&#8221;vc_hidden-lg vc_hidden-md vc_hidden-sm&#8221;][tm_spacer size=&#8221;lg:25&#8243;][tm_image sm_align=&#8221;left&#8221; image=&#8221;4921&#8243; md_spacing=&#8221;margin_left:0&#8243;][tm_heading tag=&#8221;h5&#8243; custom_google_font=&#8221;&#8221; text_transform=&#8221;uppercase&#8221; text_color=&#8221;custom&#8221; custom_text_color=&#8221;#034386&#8243; text=&#8221;La nostra Mission&#8221; font_size=&#8221;lg:18&#8243; line_height=&#8221;1.38&#8243;][tm_spacer size=&#8221;lg:30&#8243;][tm_heading custom_google_font=&#8221;&#8221; text=&#8221;L&#8217;azienda al fianco del Cliente&#8221; font_size=&#8221;sm:24;md:30;lg:36&#8243;][tm_spacer size=&#8221;lg:80&#8243;][tm_heading tag=&#8221;div&#8221; custom_google_font=&#8221;&#8221; text=&#8221;IMEVA, si pone al fianco della clientela per analizzare le necessit\u00e0 e sviluppare le soluzioni pi\u00f9 indicate con elevato contenuto tecnologico e in base alla tipologia di applicazione. Questo si traduce nella capacit\u00e0 di saper consigliare al meglio il cliente, grazie all\u2019esperienza e alla continua applicazione sui prodotti e sulle societ\u00e0 PARTNERS.&#8221; font_size=&#8221;lg:17&#8243; line_height=&#8221;1.84&#8243;][tm_spacer size=&#8221;sm:20;lg:50&#8243;][tm_heading tag=&#8221;div&#8221; custom_google_font=&#8221;&#8221; text=&#8221;IMEVA, si avvale di una struttura composta da persone specializzate, esperte e competenti sempre a disposizione per ogni particolare esigenza. Lo spirito di squadra, l\u2019integrazione delle competenze e il lavoro di Team sono i nostri obiettivi.&#8221; font_size=&#8221;lg:17&#8243; line_height=&#8221;1.84&#8243;][\/vc_column][vc_column width=&#8221;1\/6&#8243;][\/vc_column][\/vc_row][vc_row][vc_column][tm_spacer size=&#8221;sm:50;lg:50&#8243;][tm_heading style=&#8221;modern-02&#8243; custom_google_font=&#8221;&#8221; align=&#8221;center&#8221; text_color=&#8221;custom&#8221; custom_text_color=&#8221;#034386&#8243; text=&#8221;SECTORS OF APPLICATION&#8221;][tm_spacer size=&#8221;lg:34&#8243;][tm_heading custom_google_font=&#8221;&#8221; align=&#8221;center&#8221; text=&#8221;Our industrial sectors&#8221; font_size=&#8221;sm:24;md:30;lg:36&#8243; line_height=&#8221;1.41&#8243;][tm_spacer size=&#8221;lg:72&#8243;][\/vc_column][\/vc_row][vc_row][vc_column offset=&#8221;vc_hidden-xs&#8221;][tm_slider nav=&#8221;01&#8243; gutter=&#8221;30&#8243; items_display=&#8221;xs:1;sm:1;md:3;lg:3&#8243; items=&#8221;%5B%7B%22image%22%3A%224860%22%2C%22title%22%3A%22Industrial%20equipment%22%2C%22text%22%3A%22Steam%2C%20water%2C%20heat%20transfer%20fluids%20and%20other%20fluids%22%2C%22link%22%3A%22Link%22%7D%2C%7B%22image%22%3A%224862%22%2C%22title%22%3A%22Food%20%26%20Pharma%22%2C%22text%22%3A%22Food%20and%20pharmaceutical%20industry%22%2C%22link%22%3A%22Link%22%7D%2C%7B%22image%22%3A%224865%22%2C%22title%22%3A%22HVAC%20%26%20Thermotechnology%22%2C%22text%22%3A%22To%20ensure%20air%20quality%22%2C%22link%22%3A%22Link%22%7D%2C%7B%22image%22%3A%224867%22%2C%22title%22%3A%22Chemical%20and%20Oil%20%26%20Gas%22%2C%22text%22%3A%22To%20transform%20raw%20materials%2C%20in%20total%20safety%22%2C%22link%22%3A%22Link%22%7D%2C%7B%22image%22%3A%224869%22%2C%22title%22%3A%22Energy%20production%22%2C%22text%22%3A%22To%20always%20keep%20up%20with%20innovation%22%2C%22link%22%3A%22Link%22%7D%2C%7B%22image%22%3A%224870%22%2C%22title%22%3A%22Hospital%22%2C%22text%22%3A%22The%20excellence%20of%20our%20doctors%2C%20the%20best%20for%20your%20health%22%2C%22link%22%3A%22Link%22%7D%5D&#8221;][tm_spacer size=&#8221;sm:100;lg:150&#8243;][\/vc_column][\/vc_row][vc_row][vc_column width=&#8221;1\/3&#8243; offset=&#8221;vc_hidden-lg vc_hidden-md vc_hidden-sm&#8221;][tm_image align=&#8221;center&#8221; md_align=&#8221;center&#8221; sm_align=&#8221;center&#8221; xs_align=&#8221;center&#8221; image=&#8221;4860&#8243;][tm_spacer size=&#8221;xs:15;lg:10&#8243;][vc_column_text] Impiantistica Industriale Vapore, acqua, fluidi diatermici e altri fluidi[\/vc_column_text][tm_spacer size=&#8221;xs:30;lg:10&#8243;][\/vc_column][vc_column width=&#8221;1\/3&#8243; offset=&#8221;vc_hidden-lg vc_hidden-md vc_hidden-sm&#8221;][tm_image align=&#8221;center&#8221; md_align=&#8221;center&#8221; sm_align=&#8221;center&#8221; xs_align=&#8221;center&#8221; image=&#8221;4862&#8243;][tm_spacer size=&#8221;xs:15;lg:10&#8243;][vc_column_text] Food &amp; Pharma Alimentari e industria farmaceutica[\/vc_column_text][tm_spacer size=&#8221;xs:30;lg:10&#8243;][\/vc_column][vc_column width=&#8221;1\/3&#8243; offset=&#8221;vc_hidden-lg vc_hidden-md vc_hidden-sm&#8221;][tm_image align=&#8221;center&#8221; md_align=&#8221;center&#8221; sm_align=&#8221;center&#8221; xs_align=&#8221;center&#8221; image=&#8221;4865&#8243;][tm_spacer size=&#8221;xs:15;lg:10&#8243;][vc_column_text] HVAC &amp; Termotecnica Per garantire la qualit\u00e0 dell&#8217;aria[\/vc_column_text][tm_spacer size=&#8221;xs:30;lg:10&#8243;][\/vc_column][\/vc_row][vc_row][vc_column width=&#8221;1\/3&#8243; offset=&#8221;vc_hidden-lg vc_hidden-md vc_hidden-sm&#8221;][tm_image align=&#8221;center&#8221; md_align=&#8221;center&#8221; sm_align=&#8221;center&#8221; xs_align=&#8221;center&#8221; image=&#8221;4867&#8243;][tm_spacer size=&#8221;xs:15;lg:10&#8243;][vc_column_text] Chimico e Oil &amp; Gas Per trasformare le materie prime, in totale sicurezza[\/vc_column_text][tm_spacer size=&#8221;xs:30;lg:10&#8243;][\/vc_column][vc_column width=&#8221;1\/3&#8243; offset=&#8221;vc_hidden-lg vc_hidden-md vc_hidden-sm&#8221;][tm_image align=&#8221;center&#8221; md_align=&#8221;center&#8221; sm_align=&#8221;center&#8221; xs_align=&#8221;center&#8221; image=&#8221;4869&#8243;][tm_spacer size=&#8221;xs:15;lg:10&#8243;][vc_column_text] Produzione di energia Per essere sempre al passo con l&#8217;innovazione[\/vc_column_text][tm_spacer size=&#8221;xs:30;lg:10&#8243;][\/vc_column][vc_column width=&#8221;1\/3&#8243; offset=&#8221;vc_hidden-lg vc_hidden-md vc_hidden-sm&#8221;][tm_image align=&#8221;center&#8221; md_align=&#8221;center&#8221; sm_align=&#8221;center&#8221; xs_align=&#8221;center&#8221; image=&#8221;4870&#8243;][tm_spacer size=&#8221;xs:15;lg:10&#8243;][vc_column_text] Ospedaliero L&#8217;eccellenza dei nostri medici, il meglio per la vostra salute[\/vc_column_text][\/vc_column][\/vc_row]<\/p>\n","protected":false},"author":3,"featured_media":0,"parent":0,"menu_order":0,"comment_status":"closed","ping_status":"closed","template":"","meta":{"footnotes":""},"class_list":["post-7049","page","type-page","status-publish","hentry","post-no-thumbnail"],"_links":{"self":[{"href":"https:\/\/www.imevasrl.it\/en\/wp-json\/wp\/v2\/pages\/7049","targetHints":{"allow":["GET"]}}],"collection":[{"href":"https:\/\/www.imevasrl.it\/en\/wp-json\/wp\/v2\/pages"}],"about":[{"href":"https:\/\/www.imevasrl.it\/en\/wp-json\/wp\/v2\/types\/page"}],"author":[{"embeddable":true,"href":"https:\/\/www.imevasrl.it\/en\/wp-json\/wp\/v2\/users\/3"}],"replies":[{"embeddable":true,"href":"https:\/\/www.imevasrl.it\/en\/wp-json\/wp\/v2\/comments?post=7049"}],"version-history":[{"count":9,"href":"https:\/\/www.imevasrl.it\/en\/wp-json\/wp\/v2\/pages\/7049\/revisions"}],"predecessor-version":[{"id":8988,"href":"https:\/\/www.imevasrl.it\/en\/wp-json\/wp\/v2\/pages\/7049\/revisions\/8988"}],"wp:attachment":[{"href":"https:\/\/www.imevasrl.it\/en\/wp-json\/wp\/v2\/media?parent=7049"}],"curies":[{"name":"wp","href":"https:\/\/api.w.org\/{rel}","templated":true}]}}